{"id":64,"date":"2024-04-07T18:18:25","date_gmt":"2024-04-07T16:18:25","guid":{"rendered":"https:\/\/www.oliver-frederic-dieck.com\/hcn-helpful-contacts.net-viceversa-startup-support-gruender-helfen-gruendern\/?page_id=64"},"modified":"2025-10-02T03:15:34","modified_gmt":"2025-10-02T01:15:34","slug":"hcn-content-2","status":"publish","type":"page","link":"https:\/\/www.oliver-frederic-dieck.com\/hcn-helpful-contacts.net-viceversa-startup-support-gruender-helfen-gruendern\/hcn-content-2\/","title":{"rendered":"HCN &#8211; Content :"},"content":{"rendered":"<style>\r\n        .wpedon-container .wpedon-select,\r\n        .wpedon-container .wpedon-input {\r\n            width: 170px;\r\n            min-width: 170px;\r\n            max-width: 170px;\r\n        }\r\n    <\/style><div class='wpedon-container wpedon-align-left'><form target='' action='https:\/\/www.paypal.com\/cgi-bin\/webscr' method='post' class='wpedon-form'><input type='hidden' name='cmd' value='_donations' \/><input type='hidden' name='business' value='O-F-D@email.de' \/><input type='hidden' name='currency_code' value='EUR' \/><input type='hidden' name='notify_url' value='https:\/\/www.oliver-frederic-dieck.com\/hcn-helpful-contacts.net-viceversa-startup-support-gruender-helfen-gruendern\/wp-admin\/admin-post.php?action=add_wpedon_button_ipn'><input type='hidden' name='lc' value='en_US'><input type='hidden' name='bn' value='WPPlugin_SP'><input type='hidden' name='return' value='https:\/\/www.oliver-frederic-dieck.com\/hcn-helpful-contacts.net-viceversa-startup-support-gruender-helfen-gruendern' \/><input type='hidden' name='cancel_return' value='https:\/\/www.oliver-frederic-dieck.com\/hcn-helpful-contacts.net-viceversa-startup-support-gruender-helfen-gruendern' \/><input class='wpedon_paypalbuttonimage' type='image' src='https:\/\/www.paypalobjects.com\/webstatic\/en_US\/btn\/btn_donate_pp_142x27.png' border='0' name='submit' alt='Make your payments with PayPal. It is free, secure, effective.' style='border: none;'><img alt='' border='0' style='border:none;display:none;' src='https:\/\/www.paypal.com\/en_US\/i\/scr\/pixel.gif' width='1' height='1'><input type='hidden' name='amount' id='amount_f33d57bd496c74e99c005392b374adbc' value='' \/><input type='hidden' name='price' id='price_f33d57bd496c74e99c005392b374adbc' value='' \/><input type='hidden' name='item_number' value='' \/><input type='hidden' name='item_name' value='' \/><input type='hidden' name='name' value='' \/><input type='hidden' name='custom' value='179'><input type='hidden' name='no_shipping' value='0'><input type='hidden' name='no_note' value='0'><input type='hidden' name='currency_code' value='EUR'><\/form><\/div>\n\n\n\n<p>In  spotlights : Keywords #Startup Hilfe #Unternehmensgr\u00fcndung #Gr\u00fcnderberatung #Netzwerkf\u00fcrGr\u00fcnder #StartupRessourcen #Mentoringf\u00fcrStartups #Startuphelp<br>#Businessstartup #Founderadvice #Startupfunding #Networkingforstartups #Startupresources #Mentoringforstartups #Aideauxstartups #Cr\u00e9ationd&#8217;entreprise #Conseilauxfondateurs #R\u00e9seautagepourstartups #Ressourcespourstartups #Mentoratpourstartups<br><br><div class=\"kwayy-html-sitemap-wrapper\"><h2 class=\"kwayy-html-sitemap-post-title kwayy-post-title\">Beitr\u00e4ge<\/h2><ul class=\"kwayy-html-sitemap-post-list kwayy-post-list\"><ul><li><a href=\"https:\/\/www.oliver-frederic-dieck.com\/hcn-helpful-contacts.net-viceversa-startup-support-gruender-helfen-gruendern\/166-2\/\">Point of Sales knowledge or how to sell most effectively (english)<\/a><\/li><li><a href=\"https:\/\/www.oliver-frederic-dieck.com\/hcn-helpful-contacts.net-viceversa-startup-support-gruender-helfen-gruendern\/beduernisse-bedarf-kaufkraftbesetzung-exklusivitaet-status\/\">Bed\u00fcrfnisse \/ Bedarf \/ Kaufkraftbesetzung \/ Exklusivit\u00e4t \/ Status :<\/a><\/li><li><a href=\"https:\/\/www.oliver-frederic-dieck.com\/hcn-helpful-contacts.net-viceversa-startup-support-gruender-helfen-gruendern\/qualitaets-variation-varianten-differenzierung-trading-up-trading-down\/\">Qualit\u00e4ts Variation \/ Varianten Differenzierung \/ Trading up \/ Trading Down :<\/a><\/li><li><a href=\"https:\/\/www.oliver-frederic-dieck.com\/hcn-helpful-contacts.net-viceversa-startup-support-gruender-helfen-gruendern\/marke-unverwechselbarkeit-corporate-identitiy-coporate-design\/\">Marke \/ Unverwechselbarkeit  Corporate Identitiy \/ Coporate Design :<\/a><\/li><li><a href=\"https:\/\/www.oliver-frederic-dieck.com\/hcn-helpful-contacts.net-viceversa-startup-support-gruender-helfen-gruendern\/preiskalkulation-preispolitik-produktlebenszyklus\/\">Preiskalkulation \/ Preispolitik \/ Produktlebenszyklus :<\/a><\/li><li><a href=\"https:\/\/www.oliver-frederic-dieck.com\/hcn-helpful-contacts.net-viceversa-startup-support-gruender-helfen-gruendern\/unternehmerische-kennzahlen-und-berechnungen-liqiditaet-break-even-point-roi\/\">Unternehmerische Kennzahlen und Berechnungen \/ Liqidit\u00e4t \/ Break Even Point \/ ROI :<\/a><\/li><li><a href=\"https:\/\/www.oliver-frederic-dieck.com\/hcn-helpful-contacts.net-viceversa-startup-support-gruender-helfen-gruendern\/doppelte-buchfuehrung-guv-gewinn-und-verlust-rechnung-jaehrliche-steuerrerklaerung\/\">Doppelte Buchf\u00fchrung \/ GUV  Gewinn und Verlust Rechnung \/ J\u00e4hrliche Steuerrerkl\u00e4rung :<\/a><\/li><li><a href=\"https:\/\/www.oliver-frederic-dieck.com\/hcn-helpful-contacts.net-viceversa-startup-support-gruender-helfen-gruendern\/justintime-outsourcing-globalisierung-global-warming\/\">Justintime \/ Outsourcing \/ Globalisierung \/ Global Warming :<\/a><\/li><li><a href=\"https:\/\/www.oliver-frederic-dieck.com\/hcn-helpful-contacts.net-viceversa-startup-support-gruender-helfen-gruendern\/wichtige-wirtschafs-kennzahlen-2-und-berechnungen\/\">Wichtige Wirtschafs Kennzahlen 2 und Berechnungen :<\/a><\/li><li><a href=\"https:\/\/www.oliver-frederic-dieck.com\/hcn-helpful-contacts.net-viceversa-startup-support-gruender-helfen-gruendern\/umgang-mit-menschen-benehmen-verkaufen-diplomatie-flache-hierarchien-lean-management\/\">Umgang mit Menschen \/ Benehmen  \/ Verkaufen \/ Diplomatie \/ Flache Hierarchien \/ Lean Management :<\/a><\/li><li><a href=\"https:\/\/www.oliver-frederic-dieck.com\/hcn-helpful-contacts.net-viceversa-startup-support-gruender-helfen-gruendern\/169-2\/\">Produkt \/ Waren Konzeption :<\/a><\/li><li><a href=\"https:\/\/www.oliver-frederic-dieck.com\/hcn-helpful-contacts.net-viceversa-startup-support-gruender-helfen-gruendern\/konzept-zur-wiederbelebung-der-kaufhaeuser\/\">Konzept zur Wiederbelebung der Kaufh\u00e4user :<\/a><\/li><li><a href=\"https:\/\/www.oliver-frederic-dieck.com\/hcn-helpful-contacts.net-viceversa-startup-support-gruender-helfen-gruendern\/made-in-germany-qualitaet-ist-qualitaet-ist-qualitaet\/\">Made in Germany : Qualit\u00e4t ist Qualit\u00e4t ist Qualit\u00e4t !<\/a><\/li><li><a href=\"https:\/\/www.oliver-frederic-dieck.com\/hcn-helpful-contacts.net-viceversa-startup-support-gruender-helfen-gruendern\/crisper-und-co-probleme-der-gen-technologie\/\">Crisper und Co - Probleme der Gen Technologie :<\/a><\/li><li><a href=\"https:\/\/www.oliver-frederic-dieck.com\/hcn-helpful-contacts.net-viceversa-startup-support-gruender-helfen-gruendern\/ki-ai-kuenstliche-intelligenz-chance-oder-risiko\/\">KI \/ AI - K\u00fcnstliche Intelligenz Chance oder Risiko :<\/a><\/li><li><a href=\"https:\/\/www.oliver-frederic-dieck.com\/hcn-helpful-contacts.net-viceversa-startup-support-gruender-helfen-gruendern\/menscheitsprobleme-weltraumschrott-asteroiden-einschlaegeglobal-warmingenergieversorgung\/\">Menscheitsprobleme Weltraumschrott ,Asteroiden Einschl\u00e4ge,Global Warming,Energieversorgung :<\/a><\/li><li><a href=\"https:\/\/www.oliver-frederic-dieck.com\/hcn-helpful-contacts.net-viceversa-startup-support-gruender-helfen-gruendern\/deutsche-fahrzeug-technik\/\">Deutsche Fahrzeug Technik :<\/a><\/li><li><a href=\"https:\/\/www.oliver-frederic-dieck.com\/hcn-helpful-contacts.net-viceversa-startup-support-gruender-helfen-gruendern\/ki-ai-grosse-chance-versus-absehbarem-boersen-crash-wegen-uebertriebenem-investitions-und-gesellschaftlichem-unrealistischem-hype\/\">KI \/ AI Grosse Chance versus absehbarem B\u00f6rsen Crash wegen \u00fcbertriebenem Investitions  und gesellschaftlichem unrealistischem  Hype<\/a><\/li><li><a href=\"https:\/\/www.oliver-frederic-dieck.com\/hcn-helpful-contacts.net-viceversa-startup-support-gruender-helfen-gruendern\/business-plan\/\">Business Plan :<\/a><\/li><li><a href=\"https:\/\/www.oliver-frederic-dieck.com\/hcn-helpful-contacts.net-viceversa-startup-support-gruender-helfen-gruendern\/firma-gruendung-evtl\/\">Firma Gr\u00fcndung evtl :<\/a><\/li><li><a href=\"https:\/\/www.oliver-frederic-dieck.com\/hcn-helpful-contacts.net-viceversa-startup-support-gruender-helfen-gruendern\/gewerbeamt-finanzamt-genossenschaften-versicherungen\/\">Gewerbeamt \/ Finanzamt \/ Genossenschaften \/ Versicherungen<\/a><\/li><li><a href=\"https:\/\/www.oliver-frederic-dieck.com\/hcn-helpful-contacts.net-viceversa-startup-support-gruender-helfen-gruendern\/kuenstler-namen\/\">K\u00fcnstler Namen<\/a><\/li><li><a href=\"https:\/\/www.oliver-frederic-dieck.com\/hcn-helpful-contacts.net-viceversa-startup-support-gruender-helfen-gruendern\/finanzierung\/\">Finanzierung :<\/a><\/li><li><a href=\"https:\/\/www.oliver-frederic-dieck.com\/hcn-helpful-contacts.net-viceversa-startup-support-gruender-helfen-gruendern\/venture-capital-stille-teilhaber\/\">Venture Capital \/ Stille Teilhaber :<\/a><\/li><li><a href=\"https:\/\/www.oliver-frederic-dieck.com\/hcn-helpful-contacts.net-viceversa-startup-support-gruender-helfen-gruendern\/break-even-point\/\">Break Even Point :<\/a><\/li><li><a href=\"https:\/\/www.oliver-frederic-dieck.com\/hcn-helpful-contacts.net-viceversa-startup-support-gruender-helfen-gruendern\/wucher-kredit-haie\/\">Wucher \/ Kredit Haie :<\/a><\/li><li><a href=\"https:\/\/www.oliver-frederic-dieck.com\/hcn-helpful-contacts.net-viceversa-startup-support-gruender-helfen-gruendern\/banken-foerderungs-programme-sicherungen-bonitaet\/\">Banken \/ F\u00f6rderungs Programme \/ Sicherungen \/ Bonit\u00e4t :<\/a><\/li><li><a href=\"https:\/\/www.oliver-frederic-dieck.com\/hcn-helpful-contacts.net-viceversa-startup-support-gruender-helfen-gruendern\/hallo-welt\/\">H.C.N Relaunch 2024 mit freiem Zugang vielen feien Informationen und zus\u00e4tzlichen optionalen Inhalten bei membership \/ pay . Euer Oliver ,ein Beitrag<\/a><\/li><li><a href=\"https:\/\/www.oliver-frederic-dieck.com\/hcn-helpful-contacts.net-viceversa-startup-support-gruender-helfen-gruendern\/effizienz-oekonomisches-prinzip\/\">Effizienz \/ \u00d6konomisches Prinzip :<\/a><\/li><li><a href=\"https:\/\/www.oliver-frederic-dieck.com\/hcn-helpful-contacts.net-viceversa-startup-support-gruender-helfen-gruendern\/urheberrechte-und-urheberrechtsschutz\/\">Urheberrechte und Urheberrechtsschutz :<\/a><\/li><li><a href=\"https:\/\/www.oliver-frederic-dieck.com\/hcn-helpful-contacts.net-viceversa-startup-support-gruender-helfen-gruendern\/alleinstellungsmerkmal-marktstrategie\/\">Alleinstellungsmerkmal \/ Marktstrategie  :<\/a><\/li><li><a href=\"https:\/\/www.oliver-frederic-dieck.com\/hcn-helpful-contacts.net-viceversa-startup-support-gruender-helfen-gruendern\/economy-of-large-scales\/\">Economy of large scales :<\/a><\/li><li><a href=\"https:\/\/www.oliver-frederic-dieck.com\/hcn-helpful-contacts.net-viceversa-startup-support-gruender-helfen-gruendern\/taylorisierung-rationalisierung-und-die-soziale-frage\/\">Taylorisierung ,Rationalisierung und die Soziale Frage :<\/a><\/li><li><a href=\"https:\/\/www.oliver-frederic-dieck.com\/hcn-helpful-contacts.net-viceversa-startup-support-gruender-helfen-gruendern\/zielgruppen-orientierung\/\">Zielgruppen Orientierung :<\/a><\/li><li><a href=\"https:\/\/www.oliver-frederic-dieck.com\/hcn-helpful-contacts.net-viceversa-startup-support-gruender-helfen-gruendern\/unique-selling-proposition-kernnutzen\/\">Unique selling proposition \/ Kernnutzen<\/a><\/li><li><a href=\"https:\/\/www.oliver-frederic-dieck.com\/hcn-helpful-contacts.net-viceversa-startup-support-gruender-helfen-gruendern\/werbe-massnahmen-pr-reputation-building-marketing\/\">Werbe Massnahmen \/ PR \/ Reputation Building \/ Marketing :<\/a><\/li><\/ul><\/ul><h2 class=\"kwayy-html-sitemap-post-title kwayy-page-title\">Seiten<\/h2><ul class=\"kwayy-html-sitemap-post-list kwayy-page-list\"><ul><li><a href=\"https:\/\/www.oliver-frederic-dieck.com\/hcn-helpful-contacts.net-viceversa-startup-support-gruender-helfen-gruendern\/home-gruender-wissen\/\">Home - Gr\u00fcnder Wissen Posts :<\/a><\/li><li><a href=\"https:\/\/www.oliver-frederic-dieck.com\/hcn-helpful-contacts.net-viceversa-startup-support-gruender-helfen-gruendern\/startup-links\/\">Startup-Links :<\/a><\/li><li><a href=\"https:\/\/www.oliver-frederic-dieck.com\/hcn-helpful-contacts.net-viceversa-startup-support-gruender-helfen-gruendern\/hcn-content\/\">HCN- Content :<\/a><\/li><li><a href=\"https:\/\/www.oliver-frederic-dieck.com\/hcn-helpful-contacts.net-viceversa-startup-support-gruender-helfen-gruendern\/networking-2\/\">Networking :<\/a><\/li><li><a href=\"https:\/\/www.oliver-frederic-dieck.com\/hcn-helpful-contacts.net-viceversa-startup-support-gruender-helfen-gruendern\/gruender-links\/\">Gr\u00fcnder-Links :<\/a><\/li><li><a href=\"https:\/\/www.oliver-frederic-dieck.com\/hcn-helpful-contacts.net-viceversa-startup-support-gruender-helfen-gruendern\/impressum-kontakt-2\/\">Impressum-Kontakt :<\/a><\/li><li><a href=\"https:\/\/www.oliver-frederic-dieck.com\/hcn-helpful-contacts.net-viceversa-startup-support-gruender-helfen-gruendern\/home-gruender-wissen-posts\/\">Home - Gr\u00fcnder Wissen Posts :<\/a><\/li><li><a href=\"https:\/\/www.oliver-frederic-dieck.com\/hcn-helpful-contacts.net-viceversa-startup-support-gruender-helfen-gruendern\/index\/\">index<\/a><\/li><li><a href=\"https:\/\/www.oliver-frederic-dieck.com\/hcn-helpful-contacts.net-viceversa-startup-support-gruender-helfen-gruendern\/purchase\/\">Purchase<\/a><\/li><li><a href=\"https:\/\/www.oliver-frederic-dieck.com\/hcn-helpful-contacts.net-viceversa-startup-support-gruender-helfen-gruendern\/receipt\/\">Receipt<\/a><\/li><li><a href=\"https:\/\/www.oliver-frederic-dieck.com\/hcn-helpful-contacts.net-viceversa-startup-support-gruender-helfen-gruendern\/tickets\/\">Tickets<\/a><\/li><\/ul><\/ul><\/div> <!-- .kwayy-html-sitemap-wrapper --><\/p>\n\n\n\n<p><\/p>\n\n\n\n<p><\/p>\n\n\n\n<p><\/p>\n\n\n\n<p><\/p>\n","protected":false},"excerpt":{"rendered":"<p>In spotlights : Keywords #Startup Hilfe #Unternehmensgr\u00fcndung #Gr\u00fcnderberatung #Netzwerkf\u00fcrGr\u00fcnder #StartupRessourcen #Mentoringf\u00fcrStartups #Startuphelp#Businessstartup #Founderadvice #Startupfunding #Networkingforstartups #Startupresources #Mentoringforstartups #Aideauxstartups #Cr\u00e9ationd&#8217;entreprise #Conseilauxfondateurs #R\u00e9seautagepourstartups #Ressourcespourstartups #Mentoratpourstartups<\/p>\n","protected":false},"author":1,"featured_media":0,"parent":0,"menu_order":0,"comment_status":"closed","ping_status":"closed","template":"","meta":{"om_disable_all_campaigns":false,"_monsterinsights_skip_tracking":false,"_monsterinsights_sitenote_active":false,"_monsterinsights_sitenote_note":"","_monsterinsights_sitenote_category":0,"pgc_sgb_lightbox_settings":"","footnotes":""},"class_list":["post-64","page","type-page","status-publish","hentry"],"aioseo_notices":[],"_links":{"self":[{"href":"https:\/\/www.oliver-frederic-dieck.com\/hcn-helpful-contacts.net-viceversa-startup-support-gruender-helfen-gruendern\/wp-json\/wp\/v2\/pages\/64","targetHints":{"allow":["GET"]}}],"collection":[{"href":"https:\/\/www.oliver-frederic-dieck.com\/hcn-helpful-contacts.net-viceversa-startup-support-gruender-helfen-gruendern\/wp-json\/wp\/v2\/pages"}],"about":[{"href":"https:\/\/www.oliver-frederic-dieck.com\/hcn-helpful-contacts.net-viceversa-startup-support-gruender-helfen-gruendern\/wp-json\/wp\/v2\/types\/page"}],"author":[{"embeddable":true,"href":"https:\/\/www.oliver-frederic-dieck.com\/hcn-helpful-contacts.net-viceversa-startup-support-gruender-helfen-gruendern\/wp-json\/wp\/v2\/users\/1"}],"replies":[{"embeddable":true,"href":"https:\/\/www.oliver-frederic-dieck.com\/hcn-helpful-contacts.net-viceversa-startup-support-gruender-helfen-gruendern\/wp-json\/wp\/v2\/comments?post=64"}],"version-history":[{"count":4,"href":"https:\/\/www.oliver-frederic-dieck.com\/hcn-helpful-contacts.net-viceversa-startup-support-gruender-helfen-gruendern\/wp-json\/wp\/v2\/pages\/64\/revisions"}],"predecessor-version":[{"id":223,"href":"https:\/\/www.oliver-frederic-dieck.com\/hcn-helpful-contacts.net-viceversa-startup-support-gruender-helfen-gruendern\/wp-json\/wp\/v2\/pages\/64\/revisions\/223"}],"wp:attachment":[{"href":"https:\/\/www.oliver-frederic-dieck.com\/hcn-helpful-contacts.net-viceversa-startup-support-gruender-helfen-gruendern\/wp-json\/wp\/v2\/media?parent=64"}],"curies":[{"name":"wp","href":"https:\/\/api.w.org\/{rel}","templated":true}]}}