{"id":400,"date":"2024-04-08T23:23:44","date_gmt":"2024-04-08T21:23:44","guid":{"rendered":"http:\/\/www.oliver-frederic-dieck.com\/aurora-european-view-diplomacy-news-nachrichten-nouvelles-2020\/?page_id=400"},"modified":"2025-09-30T04:10:49","modified_gmt":"2025-09-30T02:10:49","slug":"aurora-content","status":"publish","type":"page","link":"https:\/\/www.oliver-frederic-dieck.com\/aurora-european-view-diplomacy-news-nachrichten-nouvelles-2020\/aurora-content\/","title":{"rendered":"Aurora Content"},"content":{"rendered":"\n<p>Aurora -The European View : An European political comment for diplomacy and politics by a German who wanted to be minister for foreign affairs.<\/p>\n\n\n\n<p>Content in spotlights : #Europ\u00e4ischeDiplomatie ,#Au\u00dfenpolitik,#Europa, #PolitischeKommentare, #InternationaleBeziehungen,#EUAu\u00dfenpolitik,#Diplomatische Strategien,#Geopolitik,#Sicherheitspolitik,#Au\u00dfenpolitischeAnalysen,#Europ\u00e4ischeUnion, #EuropeanDiplomacy,#ForeignPolicyEurope,#PoliticalCommentary,#InternationalRelations ,#EUForeignPolicy,#DiplomaticStrategies,#Geopolitics,#SecurityPolicy,#ForeignPolicy,         #Analysis,#EuropeanUnion,#Diplomatieeurop\u00e9enne,#Politique\u00e9trang\u00e8re,#Europe, #Commentairespolitiques,#Relationsinternationales,#Politique\u00e9trang\u00e8redel&#8217;UE,#Strat\u00e9gies diplomatiques,#G\u00e9opolitique,#Politiquedes\u00e9curit\u00e9,#Analysesdepolitique\u00e9trang\u00e8re,#Union europ\u00e9enne.An Oliver-Frederic Dieck Project<\/p>\n\n\n\n<p>Content in details \/ Blog articles per Click :<\/p>\n\n\n<style>\r\n        .wpedon-container .wpedon-select,\r\n        .wpedon-container .wpedon-input {\r\n            width: 170px;\r\n            min-width: 170px;\r\n            max-width: 170px;\r\n        }\r\n    <\/style><div class='wpedon-container wpedon-align-left'><form target='' action='https:\/\/www.paypal.com\/cgi-bin\/webscr' method='post' class='wpedon-form'><input type='hidden' name='cmd' value='_donations' \/><input type='hidden' name='business' value='O-F-D@email.de' \/><input type='hidden' name='currency_code' value='EUR' \/><input type='hidden' name='notify_url' value='https:\/\/www.oliver-frederic-dieck.com\/aurora-european-view-diplomacy-news-nachrichten-nouvelles-2020\/wp-admin\/admin-post.php?action=add_wpedon_button_ipn'><input type='hidden' name='lc' value='en_US'><input type='hidden' name='bn' value='WPPlugin_SP'><input type='hidden' name='return' value='http:\/\/www.oliver-frederic-dieck.com\/aurora-european-view-diplomacy-news-nachrichten-nouvelles-2020' \/><input type='hidden' name='cancel_return' value='http:\/\/www.oliver-frederic-dieck.com\/aurora-european-view-diplomacy-news-nachrichten-nouvelles-2020' \/><input class='wpedon_paypalbuttonimage' type='image' src='https:\/\/www.paypalobjects.com\/webstatic\/en_US\/btn\/btn_donate_pp_142x27.png' border='0' name='submit' alt='Make your payments with PayPal. It is free, secure, effective.' style='border: none;'><img alt='' border='0' style='border:none;display:none;' src='https:\/\/www.paypal.com\/en_US\/i\/scr\/pixel.gif' width='1' height='1'><input type='hidden' name='amount' id='amount_aa4cbbc3af2c4c64f6777d24eb7b4477' value='' \/><input type='hidden' name='price' id='price_aa4cbbc3af2c4c64f6777d24eb7b4477' value='' \/><input type='hidden' name='item_number' value='' \/><input type='hidden' name='item_name' value='' \/><input type='hidden' name='name' value='' \/><input type='hidden' name='custom' value='385'><input type='hidden' name='no_shipping' value='0'><input type='hidden' name='no_note' value='0'><input type='hidden' name='currency_code' value='EUR'><\/form><\/div>\n\n\n\n<div class=\"kwayy-html-sitemap-wrapper\"><h2 class=\"kwayy-html-sitemap-post-title kwayy-post-title\">Beitr\u00e4ge<\/h2><ul class=\"kwayy-html-sitemap-post-list kwayy-post-list\"><ul><li><a href=\"https:\/\/www.oliver-frederic-dieck.com\/aurora-european-view-diplomacy-news-nachrichten-nouvelles-2020\/2020\/08\/10\/hallo-welt\/\">Content \/ Inhalt :<\/a><\/li><li><a href=\"https:\/\/www.oliver-frederic-dieck.com\/aurora-european-view-diplomacy-news-nachrichten-nouvelles-2020\/2020\/08\/10\/was-die-europaeer-trennt-und-was-sie-eint\/\">Was die Europ\u00e4er trennt und was sie eint<\/a><\/li><li><a href=\"https:\/\/www.oliver-frederic-dieck.com\/aurora-european-view-diplomacy-news-nachrichten-nouvelles-2020\/2020\/08\/10\/britische-und-kontinentale-rechtstraditionen-und-eu-verhandlungsfolgen\/\">Britische und Kontinentale Rechtstraditionen und EU Verhandlungsfolgen<\/a><\/li><li><a href=\"https:\/\/www.oliver-frederic-dieck.com\/aurora-european-view-diplomacy-news-nachrichten-nouvelles-2020\/2020\/08\/10\/modernisierungen-der-politischen-architektur-aus-europaeischer-sicht\/\">Modernisierungen der politischen Architektur aus Europ\u00e4ischer Sicht<\/a><\/li><li><a href=\"https:\/\/www.oliver-frederic-dieck.com\/aurora-european-view-diplomacy-news-nachrichten-nouvelles-2020\/2022\/05\/29\/on-ukraine-russia-conflict-un\/\">On Ukraine - Russia conflict \/ UN<\/a><\/li><li><a href=\"https:\/\/www.oliver-frederic-dieck.com\/aurora-european-view-diplomacy-news-nachrichten-nouvelles-2020\/2020\/08\/11\/europa-und-die-uno\/\">Europa und die Uno<\/a><\/li><li><a href=\"https:\/\/www.oliver-frederic-dieck.com\/aurora-european-view-diplomacy-news-nachrichten-nouvelles-2020\/2020\/08\/11\/rassismus-und-machtzentren-der-erde\/\">Rassismus und Machtzentren der Erde<\/a><\/li><li><a href=\"https:\/\/www.oliver-frederic-dieck.com\/aurora-european-view-diplomacy-news-nachrichten-nouvelles-2020\/2020\/08\/11\/unzulaenglichkeiten-des-kapitalistischen-systems\/\">Unzul\u00e4nglichkeiten des Kapitalistischen Systems<\/a><\/li><li><a href=\"https:\/\/www.oliver-frederic-dieck.com\/aurora-european-view-diplomacy-news-nachrichten-nouvelles-2020\/2020\/08\/11\/die-demokratischen-politik-und-diskusions-grundregeln\/\">Die Demokratischen Politik und Diskusions Grundregeln<\/a><\/li><li><a href=\"https:\/\/www.oliver-frederic-dieck.com\/aurora-european-view-diplomacy-news-nachrichten-nouvelles-2020\/2022\/06\/15\/europaeischer-loesungsvorschlag-ukraine-russland-krim-mariopol\/\">Europ\u00e4ischer L\u00f6sungsvorschlag Ukraine - Russland - Krim Mariopol<\/a><\/li><li><a href=\"https:\/\/www.oliver-frederic-dieck.com\/aurora-european-view-diplomacy-news-nachrichten-nouvelles-2020\/2020\/08\/11\/mitglieder-des-europarates-als-einstiegs-eu-ebene-wikipedia\/\">Council of Europe : Congratulation to 70 years of existance at Strasbourg<\/a><\/li><li><a href=\"https:\/\/www.oliver-frederic-dieck.com\/aurora-european-view-diplomacy-news-nachrichten-nouvelles-2020\/2023\/02\/18\/dear-security-conference-msc-dear-presidents-ministers-for-defense-and-foreign-affairs-and-embassadors-dear-responsible-thinktanks-and-serious-honest-medias\/\">Dear Security Conference MSC ,Dear Presidents ,Ministers for Defense and Foreign affairs and embassadors , dear responsible thinktanks and serious honest medias :<\/a><\/li><li><a href=\"https:\/\/www.oliver-frederic-dieck.com\/aurora-european-view-diplomacy-news-nachrichten-nouvelles-2020\/2020\/08\/11\/east-west-conflict-return-to-detention-treaty-politics-out-of-chaos-of-mutual-deterrence\/\">East \u2013 West conflict :  Return to detention treaty politics  out of chaos of mutual deterrence<\/a><\/li><li><a href=\"https:\/\/www.oliver-frederic-dieck.com\/aurora-european-view-diplomacy-news-nachrichten-nouvelles-2020\/2023\/02\/18\/30-oneworld-anmerkungen-zu-den-notwendigsten-maximen-einer-modernen-aussenpolitik-von-oliver-frederic-dieck\/\">30 Oneworld Anmerkungen zu den notwendigsten Maximen einer modernen Aussenpolitik von Oliver-Frederic Dieck.<\/a><\/li><li><a href=\"https:\/\/www.oliver-frederic-dieck.com\/aurora-european-view-diplomacy-news-nachrichten-nouvelles-2020\/2023\/02\/25\/verhandlungen-versus-vernichtungskrieg\/\">Verhandlungen versus Vernichtungskrieg<\/a><\/li><li><a href=\"https:\/\/www.oliver-frederic-dieck.com\/aurora-european-view-diplomacy-news-nachrichten-nouvelles-2020\/2020\/08\/11\/58\/\">Anti employment abuse and ecological production treaty worldwide<\/a><\/li><li><a href=\"https:\/\/www.oliver-frederic-dieck.com\/aurora-european-view-diplomacy-news-nachrichten-nouvelles-2020\/2020\/08\/11\/weltweiter-oekologischer-maerkte-zulassungs-vertrag\/\">Weltweiter oekologischer M\u00e4rkte  Zulassungs Vertrag<\/a><\/li><li><a href=\"https:\/\/www.oliver-frederic-dieck.com\/aurora-european-view-diplomacy-news-nachrichten-nouvelles-2020\/2020\/08\/11\/rueckabwicklung-der-vernunft-der-letzten-40-jahre-durch-einen-us-nicht-praesidenten\/\">R\u00fcckabwicklung der Vernunft der letzten 40 Jahre durch einen US Nicht Pr\u00e4sidenten<\/a><\/li><li><a href=\"https:\/\/www.oliver-frederic-dieck.com\/aurora-european-view-diplomacy-news-nachrichten-nouvelles-2020\/2020\/08\/11\/bildung-und-die-freiheit-der-presse-als-demokratie-voraussetzung\/\">Bildung und die Freiheit der Presse als Demokratie Voraussetzung<\/a><\/li><li><a href=\"https:\/\/www.oliver-frederic-dieck.com\/aurora-european-view-diplomacy-news-nachrichten-nouvelles-2020\/2020\/08\/11\/eu-gesetzes-vorschlag-zur-entschaerfung-des-sozialdumpings-per-ausfuehrungs-handwerker-anreise\/\">EU Gesetzes Vorschlag zur Entsch\u00e4rfung des Sozialdumpings per Ausf\u00fchrungs Handwerker Anreise<\/a><\/li><li><a href=\"https:\/\/www.oliver-frederic-dieck.com\/aurora-european-view-diplomacy-news-nachrichten-nouvelles-2020\/2020\/08\/11\/konstruktive-kritik-am-europaeischen-song-contest-esc\/\">Konstruktive Kritik am Europ\u00e4ischen Song Contest ESC<\/a><\/li><li><a href=\"https:\/\/www.oliver-frederic-dieck.com\/aurora-european-view-diplomacy-news-nachrichten-nouvelles-2020\/2020\/08\/12\/rettet-die-demokratie-vorwaerts-zur-integritaet\/\">Rettet die Demokratie \u2013 Vorw\u00e4rts zur Integrit\u00e4t<\/a><\/li><li><a href=\"https:\/\/www.oliver-frederic-dieck.com\/aurora-european-view-diplomacy-news-nachrichten-nouvelles-2020\/2020\/08\/12\/china-zwischen-moderner-weltmacht-und-alten-denkweisen\/\">China zwischen moderner Weltmacht und alten Denkweisen<\/a><\/li><li><a href=\"https:\/\/www.oliver-frederic-dieck.com\/aurora-european-view-diplomacy-news-nachrichten-nouvelles-2020\/2020\/08\/12\/corona-covid-19\/\">Corona \/ Covid 19<\/a><\/li><li><a href=\"https:\/\/www.oliver-frederic-dieck.com\/aurora-european-view-diplomacy-news-nachrichten-nouvelles-2020\/2020\/08\/12\/brexitchaos-analyse-der-folgen\/\">Brexitchaos - Analyse der Folgen<\/a><\/li><li><a href=\"https:\/\/www.oliver-frederic-dieck.com\/aurora-european-view-diplomacy-news-nachrichten-nouvelles-2020\/2020\/08\/13\/geschlossene-und-offene-denksysteme-religionen-ideologien-und-der-krieg\/\">Geschlossene und offene Denksysteme - Religionen Ideologien und der Krieg<\/a><\/li><li><a href=\"https:\/\/www.oliver-frederic-dieck.com\/aurora-european-view-diplomacy-news-nachrichten-nouvelles-2020\/2020\/08\/14\/91\/\">Gerechte Befriedung in Nahost \/ Arabische Halbinsel<\/a><\/li><li><a href=\"https:\/\/www.oliver-frederic-dieck.com\/aurora-european-view-diplomacy-news-nachrichten-nouvelles-2020\/2023\/12\/04\/cop28-uae-solutions-for-world-climate-change-conferenece-at-dubai-2023\/\">Cop28 UAE : Solutions for world climate change conferenece at Dubai 2023<\/a><\/li><li><a href=\"https:\/\/www.oliver-frederic-dieck.com\/aurora-european-view-diplomacy-news-nachrichten-nouvelles-2020\/2024\/04\/03\/die-individuelle-dimension-der-aktivitaet-gegen-die-globale-erwaermung-franzoesische-version-deutsch\/\">Die individuelle Dimension der Aktivit\u00e4t gegen die globale Erw\u00e4rmung, franz\u00f6sische Version (deutsch)<\/a><\/li><li><a href=\"https:\/\/www.oliver-frederic-dieck.com\/aurora-european-view-diplomacy-news-nachrichten-nouvelles-2020\/2024\/04\/03\/the-individual-dimension-of-activity-against-global-warming-french-version-german\/\">The individual dimension of activity against global warming, French version ( english)<\/a><\/li><li><a href=\"https:\/\/www.oliver-frederic-dieck.com\/aurora-european-view-diplomacy-news-nachrichten-nouvelles-2020\/2024\/04\/03\/la-dimension-individuelle-de-laction-contre-le-rechauffement-climatique-version-francaise-allemand\/\">La dimension individuelle de l'action contre le r\u00e9chauffement climatique, version fran\u00e7aise (allemand)<\/a><\/li><li><a href=\"https:\/\/www.oliver-frederic-dieck.com\/aurora-european-view-diplomacy-news-nachrichten-nouvelles-2020\/2024\/04\/03\/la-dimensione-individuale-dellazione-contro-il-riscaldamento-globale-versione-francese-italiano\/\">La dimensione individuale dell'azione contro il riscaldamento globale, versione francese (italiano)<\/a><\/li><li><a href=\"https:\/\/www.oliver-frederic-dieck.com\/aurora-european-view-diplomacy-news-nachrichten-nouvelles-2020\/2024\/04\/03\/la-dimension-individual-de-la-accion-contra-el-calentamiento-global-version-francesa-espagnol\/\">La dimensi\u00f3n individual de la acci\u00f3n contra el calentamiento global, versi\u00f3n francesa (espagnol)<\/a><\/li><li><a href=\"https:\/\/www.oliver-frederic-dieck.com\/aurora-european-view-diplomacy-news-nachrichten-nouvelles-2020\/2020\/08\/14\/kaum-gekannte-polarisierung-zwischen-arm-und-reich-und-konzentration-des-wohlstandes-der-erde\/\">Kaum gekannte Polarisierung zwischen Arm und Reich und Konzentration des Wohlstandes der Erde<\/a><\/li><li><a href=\"https:\/\/www.oliver-frederic-dieck.com\/aurora-european-view-diplomacy-news-nachrichten-nouvelles-2020\/2020\/08\/16\/110\/\">Gesellschaftliche Quotierungen versus Diskriminierung - F\u00fcr und Wider<\/a><\/li><li><a href=\"https:\/\/www.oliver-frederic-dieck.com\/aurora-european-view-diplomacy-news-nachrichten-nouvelles-2020\/2024\/04\/03\/a-dimensao-individual-da-atividade-contra-o-aquecimento-global-versao-francesa-portugaisch\/\">A dimens\u00e3o individual da atividade contra o aquecimento global, vers\u00e3o francesa (portugaisch)<\/a><\/li><li><a href=\"https:\/\/www.oliver-frederic-dieck.com\/aurora-european-view-diplomacy-news-nachrichten-nouvelles-2020\/2020\/08\/18\/belarus-weissrussland-zwischen-demokratischem-aufbruch-und-prager-fruehling\/\">Belarus \/ Weissrussland zwischen Demokratischem Aufbruch und Prager Fr\u00fchling<\/a><\/li><li><a href=\"https:\/\/www.oliver-frederic-dieck.com\/aurora-european-view-diplomacy-news-nachrichten-nouvelles-2020\/2020\/08\/24\/gesetzmaessiges-entstehen-von-krieg-und-frieden\/\">Gesetzm\u00e4ssiges Entstehen von Krieg und Frieden<\/a><\/li><li><a href=\"https:\/\/www.oliver-frederic-dieck.com\/aurora-european-view-diplomacy-news-nachrichten-nouvelles-2020\/2020\/09\/03\/nawalny-oder-vom-richtigen-umgang-mit-opositionellen-in-der-demokratie-cui-bono\/\">Nawalny oder vom richtigen Umgang mit Oppositionellen in der Demokratie . Cui bono<\/a><\/li><li><a href=\"https:\/\/www.oliver-frederic-dieck.com\/aurora-european-view-diplomacy-news-nachrichten-nouvelles-2020\/2020\/09\/16\/nawalny-die-zweite\/\">Nawalny ,die Zweite<\/a><\/li><li><a href=\"https:\/\/www.oliver-frederic-dieck.com\/aurora-european-view-diplomacy-news-nachrichten-nouvelles-2020\/2020\/09\/16\/dem-weisen-zentralrat-der-deutschen-juden-zum-jubilaeum\/\">Dem weisen Zentralrat der Deutschen Juden zum Jubil\u00e4um :<\/a><\/li><li><a href=\"https:\/\/www.oliver-frederic-dieck.com\/aurora-european-view-diplomacy-news-nachrichten-nouvelles-2020\/2020\/09\/16\/corona-strafgesetz-zur-disziplin-foerderung-im-allgemein-interesse-gefordert\/\">Corona Strafgesetz zur Disziplin F\u00f6rderung im Allgemein Interesse gefordert<\/a><\/li><li><a href=\"https:\/\/www.oliver-frederic-dieck.com\/aurora-european-view-diplomacy-news-nachrichten-nouvelles-2020\/2020\/09\/22\/congratulations-to-un-75-anniversary\/\">Congratulations to UN 75. anniversary !<\/a><\/li><li><a href=\"https:\/\/www.oliver-frederic-dieck.com\/aurora-european-view-diplomacy-news-nachrichten-nouvelles-2020\/2020\/10\/04\/donald-trump-corona-corvid19-and-the-presidents-elections\/\">Donald Trump Corona Corvid19 and the President's elections<\/a><\/li><li><a href=\"https:\/\/www.oliver-frederic-dieck.com\/aurora-european-view-diplomacy-news-nachrichten-nouvelles-2020\/2024\/11\/20\/dear-cop29-un-conference-at-baku-aserbaidschan-on-climate-and-cop-16-connected-to-it-on-biodiversity-g20\/\">Dear Cop29 Un conference at Baku Aserbaidschan on climate and cop 16 connected to it on biodiversity \/ G20<\/a><\/li><li><a href=\"https:\/\/www.oliver-frederic-dieck.com\/aurora-european-view-diplomacy-news-nachrichten-nouvelles-2020\/2020\/10\/22\/systemische-demagogische-diskusionen-zur-unzeit\/\">Systemische demagogische Diskusionen zur Unzeit<\/a><\/li><li><a href=\"https:\/\/www.oliver-frederic-dieck.com\/aurora-european-view-diplomacy-news-nachrichten-nouvelles-2020\/2020\/11\/08\/congratulations-to-president-elect-joe-biden-and-vicepresident-harris-democrats-what-future-should-bring-in-european-view\/\">Congratulations to President Elect Joe Biden and Vicepresident Harris ( Democrats ) : What future should bring in European view<\/a><\/li><li><a href=\"https:\/\/www.oliver-frederic-dieck.com\/aurora-european-view-diplomacy-news-nachrichten-nouvelles-2020\/2025\/03\/02\/prime-minister-strarmer-ukraine-summit-2025\/\">Dear Prime Minister Starmer Ukraine summit 2025 :<\/a><\/li><li><a href=\"https:\/\/www.oliver-frederic-dieck.com\/aurora-european-view-diplomacy-news-nachrichten-nouvelles-2020\/2020\/11\/24\/kritische-wuerdigung-des-nuernberger-prozesses-vor-75-jahren\/\">Kritische W\u00fcrdigung des Nuernberger Prozesses vor 75 Jahren :<\/a><\/li><li><a href=\"https:\/\/www.oliver-frederic-dieck.com\/aurora-european-view-diplomacy-news-nachrichten-nouvelles-2020\/2025\/03\/04\/dear-european-governments-on-investmentstaxes-and-defense-security\/\">Dear European governments  : On investments,taxes and defense security<\/a><\/li><li><a href=\"https:\/\/www.oliver-frederic-dieck.com\/aurora-european-view-diplomacy-news-nachrichten-nouvelles-2020\/2025\/08\/07\/world-whats-up-to-plasticco2methan-ecocide-globalwarming-genava-and-cop30\/\">UN Genava and cop30 : World whats up to plastic,co2,methan ,ecocide ,globalwarming !<\/a><\/li><li><a href=\"https:\/\/www.oliver-frederic-dieck.com\/aurora-european-view-diplomacy-news-nachrichten-nouvelles-2020\/2021\/02\/19\/msc-munich-security-conference-2020-restarting-world-of-diplomacy-and-multilateralism\/\">MSC - Munich Security Conference 2020 : Restarting world of diplomacy and multilateralism<\/a><\/li><li><a href=\"https:\/\/www.oliver-frederic-dieck.com\/aurora-european-view-diplomacy-news-nachrichten-nouvelles-2020\/2025\/08\/15\/friday-summit-on-topic-russian-ukraine-war-and-un-summit-plastic-treaty\/\">Friday Summit on topic Russian - Ukraine war and UN summit plastic treaty :<\/a><\/li><li><a href=\"https:\/\/www.oliver-frederic-dieck.com\/aurora-european-view-diplomacy-news-nachrichten-nouvelles-2020\/2025\/08\/19\/dear-united-nations-general-asembly-dear-un-general-secretary-antonio-guterres-dear-europeans-dear-ukrainedear-russia\/\">Dear United Nations general asembly ,dear Un General Secretary Antonio Guterres dear Europeans ,dear Ukraine,dear Russia :<\/a><\/li><li><a href=\"https:\/\/www.oliver-frederic-dieck.com\/aurora-european-view-diplomacy-news-nachrichten-nouvelles-2020\/2025\/09\/30\/dear-cop30-un-conference-at-bresil-2025-dear-cop29-un-conference-at-baku-aserbaidschan-on-climate-and-cop16-conected-to-it-on-biodiversity-g20\/\">Dear Cop30 Un conference at Bresil 2025  Dear Cop29 Un conference at Baku Aserbaidschan on climate and Cop16 conected to it on biodiversity \/ G20<\/a><\/li><li><a href=\"https:\/\/www.oliver-frederic-dieck.com\/aurora-european-view-diplomacy-news-nachrichten-nouvelles-2020\/2025\/11\/10\/cop30-details-renew-paris-treaty-2015-with-strict-duties-and-consequences-now-for-us-plants-and-animals\/\">COP30 details : Renew Paris treaty 2015 with strict duties and consequences now for us ,plants and animals !<\/a><\/li><li><a href=\"https:\/\/www.oliver-frederic-dieck.com\/aurora-european-view-diplomacy-news-nachrichten-nouvelles-2020\/2021\/05\/23\/esc-european-song-contest-2021-grand-prix-de-la-eurovision\/\">ESC - European Song Contest 2021- Grand Prix de la Eurovision :<\/a><\/li><li><a href=\"https:\/\/www.oliver-frederic-dieck.com\/aurora-european-view-diplomacy-news-nachrichten-nouvelles-2020\/2025\/11\/21\/treaty-have-courage-what-we-the-earth-need-at-cop30-belem-now\/\">Treaty !  Have courage what we the earth need at #COP30 #Belem now :<\/a><\/li><li><a href=\"https:\/\/www.oliver-frederic-dieck.com\/aurora-european-view-diplomacy-news-nachrichten-nouvelles-2020\/2021\/06\/13\/dear-g7-g20-2021\/\">Dear G7 \/ G20 - 2021<\/a><\/li><li><a href=\"https:\/\/www.oliver-frederic-dieck.com\/aurora-european-view-diplomacy-news-nachrichten-nouvelles-2020\/2021\/10\/26\/gratulation-bzgl-spd-fdp-gruene-vektor-system-justizreform-deutschland\/\">Gratulation bzgl SPD-FDP-Gr\u00fcne Vektor System - Justizreform Deutschland<\/a><\/li><li><a href=\"https:\/\/www.oliver-frederic-dieck.com\/aurora-european-view-diplomacy-news-nachrichten-nouvelles-2020\/2022\/02\/04\/europe-needs-descalation-and-detention-concerning-ukraine\/\">Europe needs descalation and detention concerning Ukraine<\/a><\/li><li><a href=\"https:\/\/www.oliver-frederic-dieck.com\/aurora-european-view-diplomacy-news-nachrichten-nouvelles-2020\/2022\/02\/19\/europas-diplomatie-zwischen-eskarlierern-und-deeskalierern-beim-msc-muenchen\/\">Europas Diplomatie  zwischen Eskalierern und Deeskalierern beim MSC M\u00fcnchen<\/a><\/li><li><a href=\"https:\/\/www.oliver-frederic-dieck.com\/aurora-european-view-diplomacy-news-nachrichten-nouvelles-2020\/2022\/02\/23\/der-weltsicherheitsrat-un-in-der-pflicht-in-sanktion-und-konfliktregelung\/\">Der Weltsicherheitsrat UN in der Pflicht in Sanktion und Konfliktregelung<\/a><\/li><li><a href=\"https:\/\/www.oliver-frederic-dieck.com\/aurora-european-view-diplomacy-news-nachrichten-nouvelles-2020\/2022\/03\/14\/on-topic-ukraine-dear-united-nations-general-secretary-guterres-dear-responsible-world\/\">On topic Ukraine : Dear United Nations General Secretary Guterres ,dear responsible world :<\/a><\/li><li><a href=\"https:\/\/www.oliver-frederic-dieck.com\/aurora-european-view-diplomacy-news-nachrichten-nouvelles-2020\/2022\/03\/14\/psycho-war-in-europe-any-responsible-adults\/\">Psycho war in Europe ? - any responsible adults ? Only liers ?<\/a><\/li><\/ul><\/ul><h2 class=\"kwayy-html-sitemap-post-title kwayy-topic-title\">Themen<\/h2><\/div> <!-- .kwayy-html-sitemap-wrapper -->\n","protected":false},"excerpt":{"rendered":"<p>Aurora -The European View : An European political comment for diplomacy and politics by a German who wanted to be minister for foreign affairs. Content in spotlights : #Europ\u00e4ischeDiplomatie ,#Au\u00dfenpolitik,#Europa, #PolitischeKommentare, #InternationaleBeziehungen,#EUAu\u00dfenpolitik,#Diplomatische Strategien,#Geopolitik,#Sicherheitspolitik,#Au\u00dfenpolitischeAnalysen,#Europ\u00e4ischeUnion, #EuropeanDiplomacy,#ForeignPolicyEurope,#PoliticalCommentary,#InternationalRelations ,#EUForeignPolicy,#DiplomaticStrategies,#Geopolitics,#SecurityPolicy,#ForeignPolicy, #Analysis,#EuropeanUnion,#Diplomatieeurop\u00e9enne,#Politique\u00e9trang\u00e8re,#Europe, #Commentairespolitiques,#Relationsinternationales,#Politique\u00e9trang\u00e8redel&#8217;UE,#Strat\u00e9gies diplomatiques,#G\u00e9opolitique,#Politiquedes\u00e9curit\u00e9,#Analysesdepolitique\u00e9trang\u00e8re,#Union europ\u00e9enne.An Oliver-Frederic &hellip; <a href=\"https:\/\/www.oliver-frederic-dieck.com\/aurora-european-view-diplomacy-news-nachrichten-nouvelles-2020\/aurora-content\/\">Weiterlesen <span class=\"meta-nav\">&rarr;<\/span><\/a><\/p>\n","protected":false},"author":1,"featured_media":0,"parent":0,"menu_order":0,"comment_status":"closed","ping_status":"closed","template":"","meta":{"_monsterinsights_skip_tracking":false,"_monsterinsights_sitenote_active":false,"_monsterinsights_sitenote_note":"","_monsterinsights_sitenote_category":0,"footnotes":""},"class_list":["post-400","page","type-page","status-publish","hentry"],"aioseo_notices":[],"post_mailing_queue_ids":[],"_links":{"self":[{"href":"https:\/\/www.oliver-frederic-dieck.com\/aurora-european-view-diplomacy-news-nachrichten-nouvelles-2020\/wp-json\/wp\/v2\/pages\/400","targetHints":{"allow":["GET"]}}],"collection":[{"href":"https:\/\/www.oliver-frederic-dieck.com\/aurora-european-view-diplomacy-news-nachrichten-nouvelles-2020\/wp-json\/wp\/v2\/pages"}],"about":[{"href":"https:\/\/www.oliver-frederic-dieck.com\/aurora-european-view-diplomacy-news-nachrichten-nouvelles-2020\/wp-json\/wp\/v2\/types\/page"}],"author":[{"embeddable":true,"href":"https:\/\/www.oliver-frederic-dieck.com\/aurora-european-view-diplomacy-news-nachrichten-nouvelles-2020\/wp-json\/wp\/v2\/users\/1"}],"replies":[{"embeddable":true,"href":"https:\/\/www.oliver-frederic-dieck.com\/aurora-european-view-diplomacy-news-nachrichten-nouvelles-2020\/wp-json\/wp\/v2\/comments?post=400"}],"version-history":[{"count":4,"href":"https:\/\/www.oliver-frederic-dieck.com\/aurora-european-view-diplomacy-news-nachrichten-nouvelles-2020\/wp-json\/wp\/v2\/pages\/400\/revisions"}],"predecessor-version":[{"id":446,"href":"https:\/\/www.oliver-frederic-dieck.com\/aurora-european-view-diplomacy-news-nachrichten-nouvelles-2020\/wp-json\/wp\/v2\/pages\/400\/revisions\/446"}],"wp:attachment":[{"href":"https:\/\/www.oliver-frederic-dieck.com\/aurora-european-view-diplomacy-news-nachrichten-nouvelles-2020\/wp-json\/wp\/v2\/media?parent=400"}],"curies":[{"name":"wp","href":"https:\/\/api.w.org\/{rel}","templated":true}]}}